{"id":132,"date":"2020-02-25T09:08:34","date_gmt":"2020-02-25T14:08:34","guid":{"rendered":"https:\/\/www.abogadolopezgutierrez.com\/web\/?page_id=132"},"modified":"2020-04-01T15:50:39","modified_gmt":"2020-04-01T20:50:39","slug":"derecho-publico","status":"publish","type":"page","link":"https:\/\/abogadolopezgutierrez.com\/web\/derecho-publico\/","title":{"rendered":"Derecho P\u00fablico"},"content":{"rendered":"<p>[et_pb_section fb_built=\u00bb1&#8243; admin_label=\u00bbPage Title Section\u00bb _builder_version=\u00bb4.3.3&#8243; use_background_color_gradient=\u00bbon\u00bb background_color_gradient_start=\u00bbrgba(0,22,30,0.39)\u00bb background_color_gradient_end=\u00bb#00161e\u00bb background_color_gradient_direction=\u00bb90deg\u00bb background_color_gradient_overlays_image=\u00bbon\u00bb background_image=\u00bbhttps:\/\/abogadolopezgutierrez.com\/web\/wp-content\/uploads\/2020\/02\/law-firm-28.jpg\u00bb custom_padding=\u00bb120px||120px|\u00bb][et_pb_row admin_label=\u00bbPage Title Area\u00bb _builder_version=\u00bb3.25&#8243; background_size=\u00bbinitial\u00bb background_position=\u00bbtop_left\u00bb background_repeat=\u00bbrepeat\u00bb][et_pb_column type=\u00bb4_4&#8243; _builder_version=\u00bb3.25&#8243; custom_padding=\u00bb|||\u00bb custom_padding__hover=\u00bb|||\u00bb][et_pb_text admin_label=\u00bbPage Title\u00bb _builder_version=\u00bb4.3.3&#8243; text_font=\u00bb||||||||\u00bb text_text_color=\u00bb#ffffff\u00bb text_font_size=\u00bb18px\u00bb text_line_height=\u00bb2em\u00bb header_font=\u00bb||||||||\u00bb header_font_size=\u00bb80px\u00bb header_line_height=\u00bb1.6em\u00bb header_3_font=\u00bb||||||||\u00bb header_3_line_height=\u00bb1.8em\u00bb text_orientation=\u00bbcenter\u00bb background_layout=\u00bbdark\u00bb max_width=\u00bb700px\u00bb module_alignment=\u00bbcenter\u00bb custom_margin=\u00bb||10px|\u00bb animation_style=\u00bbfade\u00bb header_font_size_tablet=\u00bb40px\u00bb header_font_size_phone=\u00bb\u00bb header_font_size_last_edited=\u00bbon|desktop\u00bb]<\/p>\n<h1>Derecho P\u00fablico<\/h1>\n<h3><strong>Abogado L\u00f3pez Guti\u00e9rrez y CO<\/strong><\/h3>\n<p>Consultor\u00edas y Servicios Legales Especializados<\/p>\n<p>[\/et_pb_text][\/et_pb_column][\/et_pb_row][\/et_pb_section][et_pb_section fb_built=\u00bb1&#8243; admin_label=\u00bbQuote Section\u00bb _builder_version=\u00bb4.3.3&#8243; custom_padding=\u00bb110px|0px|110px|0px\u00bb border_color_all=\u00bbrgba(255,186,96,0.6)\u00bb border_width_right=\u00bb8vw\u00bb border_color_right=\u00bb#00161e\u00bb border_style_right=\u00bbgroove\u00bb][et_pb_row column_structure=\u00bb1_2,1_2&#8243; admin_label=\u00bbQuote Area\u00bb _builder_version=\u00bb4.3.3&#8243; use_custom_width=\u00bbon\u00bb][et_pb_column type=\u00bb1_2&#8243; _builder_version=\u00bb4.3.3&#8243; custom_padding=\u00bb30px||||false|false\u00bb custom_padding__hover=\u00bb|||\u00bb][et_pb_text admin_label=\u00bbAuthor Name\u00bb _builder_version=\u00bb4.3.3&#8243; text_font=\u00bb|600||on|||||\u00bb text_text_color=\u00bb#004b5e\u00bb text_letter_spacing=\u00bb4px\u00bb header_font=\u00bb||||||||\u00bb header_4_font=\u00bb||||||||\u00bb module_alignment=\u00bbcenter\u00bb animation_style=\u00bbslide\u00bb animation_direction=\u00bbbottom\u00bb animation_intensity_slide=\u00bb10%\u00bb animation_starting_opacity=\u00bb100%\u00bb]<\/p>\n<p>&#8211; DERECHO P\u00daBLICO<\/p>\n<p>[\/et_pb_text][et_pb_text _builder_version=\u00bb4.3.3&#8243; text_font=\u00bbRoboto Slab||||||||\u00bb text_font_size=\u00bb17px\u00bb text_letter_spacing=\u00bb1px\u00bb text_line_height=\u00bb1.8em\u00bb header_font=\u00bb||||||||\u00bb header_3_font=\u00bb||||||||\u00bb header_3_line_height=\u00bb1.6em\u00bb header_4_font=\u00bb||||||||\u00bb text_orientation=\u00bbjustified\u00bb custom_margin=\u00bb|||\u00bb custom_padding=\u00bb|||30px\u00bb animation_style=\u00bbflip\u00bb animation_intensity_flip=\u00bb5%\u00bb animation_starting_opacity=\u00bb100%\u00bb border_color_all=\u00bb#313e47&#8243; border_width_left=\u00bb10px\u00bb]<\/p>\n<p>Es el \u00e1rea del derecho que regula todos los asuntos relacionados con el Estado; regula lo relacionado con la estructura del Estado y su funcionamiento, las relaciones entre los particulares y el Estado, as\u00ed como las relaciones de las instituciones del Estado entre si. Esta conformada por varias ramas del derecho entre las que se destacan el derecho constitucional y el derecho administrativo.<\/p>\n<p>[\/et_pb_text][\/et_pb_column][et_pb_column type=\u00bb1_2&#8243; _builder_version=\u00bb4.3.3&#8243; custom_padding=\u00bb|||\u00bb custom_padding__hover=\u00bb|||\u00bb][et_pb_image src=\u00bbhttps:\/\/abogadolopezgutierrez.com\/web\/wp-content\/uploads\/2020\/02\/business-05.jpg\u00bb show_bottom_space=\u00bboff\u00bb force_fullwidth=\u00bbon\u00bb align_tablet=\u00bbcenter\u00bb align_phone=\u00bb\u00bb align_last_edited=\u00bbon|desktop\u00bb _builder_version=\u00bb4.3.3&#8243; custom_margin=\u00bb||||false|false\u00bb custom_padding=\u00bb|||\u00bb animation_style=\u00bbslide\u00bb animation_direction=\u00bbright\u00bb animation_intensity_slide=\u00bb2%\u00bb border_width_all=\u00bb30px\u00bb border_color_all=\u00bb#ffffff\u00bb box_shadow_style=\u00bbpreset2&#8243; box_shadow_horizontal=\u00bb0px\u00bb box_shadow_vertical=\u00bb15px\u00bb box_shadow_blur=\u00bb60px\u00bb box_shadow_color=\u00bbrgba(29,61,71,0.2)\u00bb][\/et_pb_image][\/et_pb_column][\/et_pb_row][\/et_pb_section][et_pb_section fb_built=\u00bb1&#8243; admin_label=\u00bbProject Analysis Section\u00bb _builder_version=\u00bb3.22&#8243; custom_padding=\u00bb90px||90px|\u00bb][et_pb_row column_structure=\u00bb1_4,3_4&#8243; admin_label=\u00bbProject Analysis Area\u00bb _builder_version=\u00bb3.25&#8243; custom_padding=\u00bb60px|0px|60px|0px\u00bb border_color_all=\u00bbrgba(51,51,51,0.12)\u00bb border_width_top=\u00bb1px\u00bb][et_pb_column type=\u00bb1_4&#8243; _builder_version=\u00bb3.25&#8243; custom_padding=\u00bb|||\u00bb custom_padding__hover=\u00bb|||\u00bb][et_pb_text admin_label=\u00bbTitle\u00bb _builder_version=\u00bb4.3.3&#8243; text_font=\u00bb||||||||\u00bb header_font=\u00bb||||||||\u00bb header_3_font=\u00bbRoboto Slab||||||||\u00bb header_3_line_height=\u00bb2em\u00bb animation_style=\u00bbfold\u00bb animation_direction=\u00bbleft\u00bb animation_intensity_fold=\u00bb5%\u00bb]<\/p>\n<h3>Otros conceptos<\/h3>\n<p>[\/et_pb_text][\/et_pb_column][et_pb_column type=\u00bb3_4&#8243; _builder_version=\u00bb3.25&#8243; custom_padding=\u00bb|||\u00bb custom_padding__hover=\u00bb|||\u00bb][et_pb_text _builder_version=\u00bb4.3.3&#8243; text_font=\u00bb||||||||\u00bb text_font_size=\u00bb16px\u00bb text_line_height=\u00bb2em\u00bb text_orientation=\u00bbjustified\u00bb animation_style=\u00bbfade\u00bb]<\/p>\n<p>Tambi\u00e9n se ha definido al derecho p\u00fablico como la parte del ordenamiento jur\u00eddico que regula las relaciones de supra ordenaci\u00f3n y de subordinaci\u00f3n entre el Estado y los particulares y las relaciones de suprasubordinaci\u00f3n, de subordinaci\u00f3n y de coordinaci\u00f3n de los \u00f3rganos y divisiones funcionales del Estado entre s\u00ed. El derecho p\u00fablico es llevado a cabo a trav\u00e9s de las normas que lo conforman.<\/p>\n<p>[\/et_pb_text][\/et_pb_column][\/et_pb_row][\/et_pb_section][et_pb_section fb_built=\u00bb1&#8243; admin_label=\u00bbCTA Section\u00bb _builder_version=\u00bb4.3.3&#8243; use_background_color_gradient=\u00bbon\u00bb background_color_gradient_start=\u00bb#004b5e\u00bb background_color_gradient_end=\u00bbrgba(0,75,94,0.6)\u00bb background_color_gradient_direction=\u00bb90deg\u00bb background_color_gradient_overlays_image=\u00bbon\u00bb background_image=\u00bbhttps:\/\/abogadolopezgutierrez.com\/web\/wp-content\/uploads\/2020\/02\/law-firm-01.jpg\u00bb custom_padding=\u00bb160px|0px|160px|\u00bb border_color_all=\u00bb#26333a\u00bb border_width_left=\u00bb8vw\u00bb border_color_left=\u00bb#00161e\u00bb border_style_left=\u00bbgroove\u00bb global_module=\u00bb231&#8243; saved_tabs=\u00bball\u00bb][et_pb_row column_structure=\u00bb2_3,1_3&#8243; use_custom_gutter=\u00bbon\u00bb gutter_width=\u00bb2&#8243; admin_label=\u00bbCTA Area\u00bb _builder_version=\u00bb3.25&#8243; custom_padding=\u00bb27px|0px|0px|0px\u00bb][et_pb_column type=\u00bb2_3&#8243; _builder_version=\u00bb3.25&#8243; custom_padding=\u00bb|||\u00bb custom_padding__hover=\u00bb|||\u00bb][et_pb_text admin_label=\u00bbTitle\u00bb _builder_version=\u00bb4.3.3&#8243; text_font=\u00bb||||||||\u00bb header_font=\u00bb||||||||\u00bb header_2_font=\u00bb||||||||\u00bb header_2_font_size=\u00bb48px\u00bb header_2_line_height=\u00bb1.6em\u00bb background_layout=\u00bbdark\u00bb module_alignment=\u00bbcenter\u00bb custom_margin=\u00bb|||\u00bb custom_padding=\u00bb|||\u00bb]<\/p>\n<h2>\u00bfNecesitas ayuda?<\/h2>\n<p>[\/et_pb_text][\/et_pb_column][et_pb_column type=\u00bb1_3&#8243; _builder_version=\u00bb3.25&#8243; custom_padding=\u00bb|||\u00bb custom_padding__hover=\u00bb|||\u00bb][\/et_pb_column][\/et_pb_row][et_pb_row column_structure=\u00bb2_3,1_3&#8243; use_custom_gutter=\u00bbon\u00bb gutter_width=\u00bb2&#8243; admin_label=\u00bbCTA Area\u00bb _builder_version=\u00bb3.25&#8243; custom_padding=\u00bb0px|0px|27px|0px\u00bb][et_pb_column type=\u00bb2_3&#8243; _builder_version=\u00bb3.25&#8243; custom_padding=\u00bb|||\u00bb custom_padding__hover=\u00bb|||\u00bb][et_pb_text _builder_version=\u00bb4.3.3&#8243; text_font=\u00bb|300|||||||\u00bb text_font_size=\u00bb18px\u00bb text_line_height=\u00bb1.8em\u00bb header_4_font_size=\u00bb24px\u00bb text_orientation=\u00bbjustified\u00bb background_layout=\u00bbdark\u00bb max_width=\u00bb80%\u00bb animation_direction=\u00bbleft\u00bb]<\/p>\n<h4>Defensa Jur\u00eddica en proceso disciplinario a:<\/h4>\n<p>Gobernadores, Alcaldes, Personeros, Contralores, Concejales, Diputados, Secretarios De Despacho, Gerente De Hospital, Miembros De Junta Directiva, Notarios, Miembros De La Polic\u00eda Nacional, entre otros servicios p\u00edblicos.[\/et_pb_text][\/et_pb_column][et_pb_column type=\u00bb1_3&#8243; _builder_version=\u00bb3.25&#8243; custom_padding=\u00bb|||\u00bb custom_padding__hover=\u00bb|||\u00bb][et_pb_button button_url=\u00bbhttps:\/\/abogadolopezgutierrez.com\/web\/contacto\/\u00bb button_text=\u00bbContacto\u00bb _builder_version=\u00bb4.3.3&#8243; custom_button=\u00bbon\u00bb button_text_size=\u00bb14px\u00bb button_text_color=\u00bb#ffffff\u00bb button_border_width=\u00bb2px\u00bb button_border_color=\u00bb#ffffff\u00bb button_border_radius=\u00bb0px\u00bb button_letter_spacing=\u00bb4px\u00bb button_font=\u00bb|700||on|||||\u00bb button_icon=\u00bb%%3%%\u00bb custom_margin=\u00bb10px|||\u00bb custom_padding=\u00bb10px||10px|\u00bb animation_style=\u00bbfade\u00bb animation_direction=\u00bbright\u00bb button_bg_color_hover=\u00bbrgba(0,0,0,0)\u00bb button_text_size__hover_enabled=\u00bboff\u00bb button_one_text_size__hover_enabled=\u00bboff\u00bb button_two_text_size__hover_enabled=\u00bboff\u00bb button_text_color__hover_enabled=\u00bboff\u00bb button_one_text_color__hover_enabled=\u00bboff\u00bb button_two_text_color__hover_enabled=\u00bboff\u00bb button_border_width__hover_enabled=\u00bboff\u00bb button_one_border_width__hover_enabled=\u00bboff\u00bb button_two_border_width__hover_enabled=\u00bboff\u00bb button_border_color__hover_enabled=\u00bboff\u00bb button_one_border_color__hover_enabled=\u00bboff\u00bb button_two_border_color__hover_enabled=\u00bboff\u00bb button_border_radius__hover_enabled=\u00bboff\u00bb button_one_border_radius__hover_enabled=\u00bboff\u00bb button_two_border_radius__hover_enabled=\u00bboff\u00bb button_letter_spacing__hover_enabled=\u00bboff\u00bb button_one_letter_spacing__hover_enabled=\u00bboff\u00bb button_two_letter_spacing__hover_enabled=\u00bboff\u00bb button_bg_color__hover_enabled=\u00bbon\u00bb button_bg_color__hover=\u00bbrgba(0,0,0,0)\u00bb button_one_bg_color__hover_enabled=\u00bboff\u00bb button_two_bg_color__hover_enabled=\u00bboff\u00bb][\/et_pb_button][\/et_pb_column][\/et_pb_row][\/et_pb_section]<\/p>\n","protected":false},"excerpt":{"rendered":"<p>Derecho P\u00fablico Abogado L\u00f3pez Guti\u00e9rrez y CO Consultor\u00edas y Servicios Legales Especializados- DERECHO P\u00daBLICOEs el \u00e1rea del derecho que regula todos los asuntos relacionados con el Estado; regula lo relacionado con la estructura del Estado y su funcionamiento, las relaciones entre los particulares y el Estado, as\u00ed como las relaciones de las instituciones del Estado [&hellip;]<\/p>\n","protected":false},"author":1,"featured_media":0,"parent":0,"menu_order":0,"comment_status":"closed","ping_status":"closed","template":"","meta":{"_et_pb_use_builder":"on","_et_pb_old_content":"","_et_gb_content_width":"","footnotes":""},"jetpack_sharing_enabled":true,"_links":{"self":[{"href":"https:\/\/abogadolopezgutierrez.com\/web\/wp-json\/wp\/v2\/pages\/132"}],"collection":[{"href":"https:\/\/abogadolopezgutierrez.com\/web\/wp-json\/wp\/v2\/pages"}],"about":[{"href":"https:\/\/abogadolopezgutierrez.com\/web\/wp-json\/wp\/v2\/types\/page"}],"author":[{"embeddable":true,"href":"https:\/\/abogadolopezgutierrez.com\/web\/wp-json\/wp\/v2\/users\/1"}],"replies":[{"embeddable":true,"href":"https:\/\/abogadolopezgutierrez.com\/web\/wp-json\/wp\/v2\/comments?post=132"}],"version-history":[{"count":9,"href":"https:\/\/abogadolopezgutierrez.com\/web\/wp-json\/wp\/v2\/pages\/132\/revisions"}],"predecessor-version":[{"id":716,"href":"https:\/\/abogadolopezgutierrez.com\/web\/wp-json\/wp\/v2\/pages\/132\/revisions\/716"}],"wp:attachment":[{"href":"https:\/\/abogadolopezgutierrez.com\/web\/wp-json\/wp\/v2\/media?parent=132"}],"curies":[{"name":"wp","href":"https:\/\/api.w.org\/{rel}","templated":true}]}}